{"id":183,"date":"2024-10-31T12:09:05","date_gmt":"2024-10-31T12:09:05","guid":{"rendered":"http:\/\/turkuazseafood.com.tr\/?page_id=183"},"modified":"2024-11-04T07:48:19","modified_gmt":"2024-11-04T07:48:19","slug":"hakkimizda","status":"publish","type":"page","link":"https:\/\/turkuazseafood.com.tr\/?page_id=183","title":{"rendered":"Hakk\u0131m\u0131zda"},"content":{"rendered":"\t\t<div data-elementor-type=\"wp-page\" data-elementor-id=\"183\" class=\"elementor elementor-183\">\n\t\t\t\t<div class=\"elementor-element elementor-element-26de41d9 e-flex e-con-boxed e-con e-parent\" data-id=\"26de41d9\" data-element_type=\"container\" data-settings=\"{&quot;background_background&quot;:&quot;classic&quot;}\">\n\t\t\t\t\t<div class=\"e-con-inner\">\n\t\t<div class=\"elementor-element elementor-element-48db08f8 e-con-full e-flex e-con e-child\" data-id=\"48db08f8\" data-element_type=\"container\">\n\t\t\t\t<div class=\"elementor-element elementor-element-1be57930 elementor-invisible elementor-widget elementor-widget-heading\" data-id=\"1be57930\" data-element_type=\"widget\" data-settings=\"{&quot;_animation&quot;:&quot;fadeInUp&quot;,&quot;_animation_delay&quot;:200}\" data-widget_type=\"heading.default\">\n\t\t\t\t<div class=\"elementor-widget-container\">\n\t\t\t<h2 class=\"elementor-heading-title elementor-size-default\">Hakk\u0131m\u0131zda<\/h2>\t\t<\/div>\n\t\t\t\t<\/div>\n\t\t\t\t<\/div>\n\t\t\t\t\t<\/div>\n\t\t\t\t<\/div>\n\t\t<div class=\"elementor-element elementor-element-2e2c9639 e-flex e-con-boxed e-con e-parent\" data-id=\"2e2c9639\" data-element_type=\"container\">\n\t\t\t\t\t<div class=\"e-con-inner\">\n\t\t<div class=\"elementor-element elementor-element-2033fe89 e-con-full e-flex e-con e-child\" data-id=\"2033fe89\" data-element_type=\"container\">\n\t\t\t\t<div class=\"elementor-element elementor-element-346f94c4 elementor-widget__width-initial elementor-absolute elementor-widget elementor-widget-image\" data-id=\"346f94c4\" data-element_type=\"widget\" data-settings=\"{&quot;_position&quot;:&quot;absolute&quot;}\" data-widget_type=\"image.default\">\n\t\t\t\t<div class=\"elementor-widget-container\">\n\t\t\t\t\t\t\t\t\t\t\t\t\t<img decoding=\"async\" src=\"http:\/\/turkuazseafood.com.tr\/wp-content\/uploads\/2024\/10\/fish-icon-1.png\" title=\"\" alt=\"\" loading=\"lazy\" \/>\t\t\t\t\t\t\t\t\t\t\t\t\t<\/div>\n\t\t\t\t<\/div>\n\t\t\t\t<div class=\"elementor-element elementor-element-73f86e39 animated-slow elementor-invisible elementor-widget elementor-widget-image\" data-id=\"73f86e39\" data-element_type=\"widget\" data-settings=\"{&quot;_animation&quot;:&quot;fadeInLeft&quot;,&quot;_animation_delay&quot;:200}\" data-widget_type=\"image.default\">\n\t\t\t\t<div class=\"elementor-widget-container\">\n\t\t\t\t\t\t\t\t\t\t\t\t\t<img decoding=\"async\" src=\"https:\/\/turkuazseafood.com.tr\/wp-content\/uploads\/2024\/10\/young-man-preparing-his-fishing-rod-MTH5KA6-resize.jpg\" title=\"young-man-preparing-his-fishing-rod-MTH5KA6-resize.jpg\" alt=\"young-man-preparing-his-fishing-rod-MTH5KA6-resize.jpg\" loading=\"lazy\" \/>\t\t\t\t\t\t\t\t\t\t\t\t\t<\/div>\n\t\t\t\t<\/div>\n\t\t\t\t<\/div>\n\t\t<div class=\"elementor-element elementor-element-27b97930 e-con-full e-flex e-con e-child\" data-id=\"27b97930\" data-element_type=\"container\">\n\t\t\t\t<div class=\"elementor-element elementor-element-2eba8820 elementor-invisible elementor-widget elementor-widget-heading\" data-id=\"2eba8820\" data-element_type=\"widget\" data-settings=\"{&quot;_animation&quot;:&quot;fadeInUp&quot;,&quot;_animation_delay&quot;:300}\" data-widget_type=\"heading.default\">\n\t\t\t\t<div class=\"elementor-widget-container\">\n\t\t\t<div class=\"elementor-heading-title elementor-size-default\">Hakk\u0131m\u0131zda<\/div>\t\t<\/div>\n\t\t\t\t<\/div>\n\t\t\t\t<div class=\"elementor-element elementor-element-5ea65948 elementor-invisible elementor-widget elementor-widget-heading\" data-id=\"5ea65948\" data-element_type=\"widget\" data-settings=\"{&quot;_animation&quot;:&quot;fadeInUp&quot;,&quot;_animation_delay&quot;:400}\" data-widget_type=\"heading.default\">\n\t\t\t\t<div class=\"elementor-widget-container\">\n\t\t\t<h2 class=\"elementor-heading-title elementor-size-default\"><h2 class=\"elementor-heading-title elementor-size-default\" style=\"font-family: var( --e-global-typography-secondary-font-family ), Sans-serif;font-weight: var( --e-global-typography-secondary-font-weight );line-height: var( --e-global-typography-secondary-line-height );font-size: var( --e-global-typography-secondary-font-size )\">Denizden Gelen Lezzetler<\/h2><\/h2>\t\t<\/div>\n\t\t\t\t<\/div>\n\t\t\t\t<div class=\"elementor-element elementor-element-14b1fc7a elementor-invisible elementor-widget elementor-widget-text-editor\" data-id=\"14b1fc7a\" data-element_type=\"widget\" data-settings=\"{&quot;_animation&quot;:&quot;fadeInUp&quot;,&quot;_animation_delay&quot;:300}\" data-widget_type=\"text-editor.default\">\n\t\t\t\t<div class=\"elementor-widget-container\">\n\t\t\t\t\t\t\t<p>Biz, denizin derinliklerinden en taze ve lezzetli midye ve bal\u0131klar\u0131 sizlere ula\u015ft\u0131rmak i\u00e7in yola \u00e7\u0131kan bir firmay\u0131z. Teknemiz, taze deniz \u00fcr\u00fcnlerini do\u011frudan denizden toplayarak, sa\u011fl\u0131kl\u0131 ve lezzetli se\u00e7enekler sunmay\u0131 hedeflemektedir.<\/p><p>Her g\u00fcn, en iyi kalitedeki \u00fcr\u00fcnleri se\u00e7mek i\u00e7in \u00f6zenle \u00e7al\u0131\u015f\u0131yor; do\u011fan\u0131n en g\u00fczel arma\u011fanlar\u0131n\u0131 sofralar\u0131n\u0131za ta\u015f\u0131mak i\u00e7in var g\u00fcc\u00fcm\u00fczle m\u00fccadele ediyoruz. M\u00fc\u015fteri memnuniyetini \u00f6nceli\u011fimiz olarak g\u00f6r\u00fcyor, sizin i\u00e7in en iyi deneyimi sunmak i\u00e7in \u00e7aba sarf ediyoruz.<\/p><p>Geli\u015fen teknoloji ve yenilik\u00e7i y\u00f6ntemlerle, deniz \u00fcr\u00fcnlerimizin tazeli\u011fini koruyor ve hijyenik bir ortamda sizlere sunuyoruz. Teknemizdeki her bir \u00fcr\u00fcn, do\u011fan\u0131n sundu\u011fu en iyilerden se\u00e7ilerek haz\u0131rlan\u0131r, b\u00f6ylece denizle bulu\u015ftu\u011funuz her an\u0131n tad\u0131n\u0131 \u00e7\u0131karabilirsiniz.<\/p><p>Bizimle birlikte, denizin tad\u0131n\u0131 ke\u015ffedin.<\/p><p><strong>Denizden, sofran\u0131za\u2026<\/strong><\/p>\t\t\t\t\t\t<\/div>\n\t\t\t\t<\/div>\n\t\t<div class=\"elementor-element elementor-element-60852903 e-flex e-con-boxed e-con e-child\" data-id=\"60852903\" data-element_type=\"container\">\n\t\t\t\t\t<div class=\"e-con-inner\">\n\t\t\t\t\t<\/div>\n\t\t\t\t<\/div>\n\t\t<div class=\"elementor-element elementor-element-75a6958 e-con-full e-flex elementor-invisible e-con e-child\" data-id=\"75a6958\" data-element_type=\"container\" data-settings=\"{&quot;animation&quot;:&quot;fadeInUp&quot;,&quot;animation_delay&quot;:450}\">\n\t\t<div class=\"elementor-element elementor-element-63129602 e-con-full e-flex e-con e-child\" data-id=\"63129602\" data-element_type=\"container\">\n\t\t\t\t<\/div>\n\t\t<div class=\"elementor-element elementor-element-4b8c1294 e-con-full e-flex e-con e-child\" data-id=\"4b8c1294\" data-element_type=\"container\">\n\t\t\t\t<\/div>\n\t\t<div class=\"elementor-element elementor-element-3f66d07d e-con-full e-flex e-con e-child\" data-id=\"3f66d07d\" data-element_type=\"container\">\n\t\t\t\t<\/div>\n\t\t\t\t<\/div>\n\t\t\t\t<\/div>\n\t\t\t\t\t<\/div>\n\t\t\t\t<\/div>\n\t\t\t\t<\/div>\n\t\t","protected":false},"excerpt":{"rendered":"<p>Hakk\u0131m\u0131zda Hakk\u0131m\u0131zda Denizden Gelen Lezzetler Biz, denizin derinliklerinden en taze ve lezzetli midye ve bal\u0131klar\u0131 sizlere ula\u015ft\u0131rmak i\u00e7in yola \u00e7\u0131kan bir firmay\u0131z. Teknemiz, taze deniz \u00fcr\u00fcnlerini do\u011frudan denizden toplayarak, sa\u011fl\u0131kl\u0131 ve lezzetli se\u00e7enekler sunmay\u0131 hedeflemektedir. Her g\u00fcn, en iyi kalitedeki \u00fcr\u00fcnleri se\u00e7mek i\u00e7in \u00f6zenle \u00e7al\u0131\u015f\u0131yor; do\u011fan\u0131n en g\u00fczel arma\u011fanlar\u0131n\u0131 sofralar\u0131n\u0131za ta\u015f\u0131mak i\u00e7in var g\u00fcc\u00fcm\u00fczle m\u00fccadele [&hellip;]<\/p>\n","protected":false},"author":1,"featured_media":0,"parent":0,"menu_order":0,"comment_status":"closed","ping_status":"closed","template":"elementor_header_footer","meta":{"footnotes":""},"class_list":["post-183","page","type-page","status-publish","hentry"],"aioseo_notices":[],"_links":{"self":[{"href":"https:\/\/turkuazseafood.com.tr\/index.php?rest_route=\/wp\/v2\/pages\/183","targetHints":{"allow":["GET"]}}],"collection":[{"href":"https:\/\/turkuazseafood.com.tr\/index.php?rest_route=\/wp\/v2\/pages"}],"about":[{"href":"https:\/\/turkuazseafood.com.tr\/index.php?rest_route=\/wp\/v2\/types\/page"}],"author":[{"embeddable":true,"href":"https:\/\/turkuazseafood.com.tr\/index.php?rest_route=\/wp\/v2\/users\/1"}],"replies":[{"embeddable":true,"href":"https:\/\/turkuazseafood.com.tr\/index.php?rest_route=%2Fwp%2Fv2%2Fcomments&post=183"}],"version-history":[{"count":10,"href":"https:\/\/turkuazseafood.com.tr\/index.php?rest_route=\/wp\/v2\/pages\/183\/revisions"}],"predecessor-version":[{"id":385,"href":"https:\/\/turkuazseafood.com.tr\/index.php?rest_route=\/wp\/v2\/pages\/183\/revisions\/385"}],"wp:attachment":[{"href":"https:\/\/turkuazseafood.com.tr\/index.php?rest_route=%2Fwp%2Fv2%2Fmedia&parent=183"}],"curies":[{"name":"wp","href":"https:\/\/api.w.org\/{rel}","templated":true}]}}