{"id":201,"date":"2024-10-31T12:34:07","date_gmt":"2024-10-31T12:34:07","guid":{"rendered":"http:\/\/turkuazseafood.com.tr\/?page_id=201"},"modified":"2024-12-02T08:56:35","modified_gmt":"2024-12-02T08:56:35","slug":"teknelerimiz","status":"publish","type":"page","link":"https:\/\/turkuazseafood.com.tr\/?page_id=201","title":{"rendered":"Teknelerimiz"},"content":{"rendered":"\t\t<div data-elementor-type=\"wp-page\" data-elementor-id=\"201\" class=\"elementor elementor-201\">\n\t\t\t\t<div class=\"elementor-element elementor-element-6a412919 e-flex e-con-boxed e-con e-parent\" data-id=\"6a412919\" data-element_type=\"container\" data-settings=\"{&quot;background_background&quot;:&quot;classic&quot;}\">\n\t\t\t\t\t<div class=\"e-con-inner\">\n\t\t<div class=\"elementor-element elementor-element-26d7b06f e-con-full e-flex e-con e-child\" data-id=\"26d7b06f\" data-element_type=\"container\">\n\t\t\t\t<div class=\"elementor-element elementor-element-55306aaa elementor-invisible elementor-widget elementor-widget-heading\" data-id=\"55306aaa\" data-element_type=\"widget\" data-settings=\"{&quot;_animation&quot;:&quot;fadeInUp&quot;,&quot;_animation_delay&quot;:200}\" data-widget_type=\"heading.default\">\n\t\t\t\t<div class=\"elementor-widget-container\">\n\t\t\t<h2 class=\"elementor-heading-title elementor-size-default\">Teknelerimiz<\/h2>\t\t<\/div>\n\t\t\t\t<\/div>\n\t\t\t\t<\/div>\n\t\t\t\t\t<\/div>\n\t\t\t\t<\/div>\n\t\t<div class=\"elementor-element elementor-element-10d871d e-grid e-con-boxed e-con e-parent\" data-id=\"10d871d\" data-element_type=\"container\">\n\t\t\t\t\t<div class=\"e-con-inner\">\n\t\t\t\t<div class=\"elementor-element elementor-element-6b50041 elementor-widget elementor-widget-image\" data-id=\"6b50041\" data-element_type=\"widget\" data-widget_type=\"image.default\">\n\t\t\t\t<div class=\"elementor-widget-container\">\n\t\t\t\t\t\t\t\t\t\t\t\t\t<img fetchpriority=\"high\" decoding=\"async\" width=\"768\" height=\"1024\" src=\"https:\/\/turkuazseafood.com.tr\/wp-content\/uploads\/2024\/11\/WhatsApp-Image-2024-10-28-at-16.08.06-2-768x1024.jpeg\" class=\"attachment-medium_large size-medium_large wp-image-243\" alt=\"\" srcset=\"https:\/\/turkuazseafood.com.tr\/wp-content\/uploads\/2024\/11\/WhatsApp-Image-2024-10-28-at-16.08.06-2-768x1024.jpeg 768w, https:\/\/turkuazseafood.com.tr\/wp-content\/uploads\/2024\/11\/WhatsApp-Image-2024-10-28-at-16.08.06-2-225x300.jpeg 225w, https:\/\/turkuazseafood.com.tr\/wp-content\/uploads\/2024\/11\/WhatsApp-Image-2024-10-28-at-16.08.06-2-1152x1536.jpeg 1152w, https:\/\/turkuazseafood.com.tr\/wp-content\/uploads\/2024\/11\/WhatsApp-Image-2024-10-28-at-16.08.06-2.jpeg 1200w\" sizes=\"(max-width: 768px) 100vw, 768px\" \/>\t\t\t\t\t\t\t\t\t\t\t\t\t<\/div>\n\t\t\t\t<\/div>\n\t\t\t\t<div class=\"elementor-element elementor-element-cf4fecf elementor-widget elementor-widget-heading\" data-id=\"cf4fecf\" data-element_type=\"widget\" data-widget_type=\"heading.default\">\n\t\t\t\t<div class=\"elementor-widget-container\">\n\t\t\t<h5 class=\"elementor-heading-title elementor-size-default\">24 metre boy<br><br>\n12 metre en<br><br>\nFull donan\u0131ml\u0131<br><br>\nBal\u0131k\u00e7\u0131 teknesi<br><br>\n<p style=\"color:green\">Sat\u0131\u015fa Haz\u0131r<\/p><p><\/p><\/h5>\t\t<\/div>\n\t\t\t\t<\/div>\n\t\t\t\t<div class=\"elementor-element elementor-element-3909758 elementor-widget elementor-widget-heading\" data-id=\"3909758\" data-element_type=\"widget\" data-widget_type=\"heading.default\">\n\t\t\t\t<div class=\"elementor-widget-container\">\n\t\t\t<h2 class=\"elementor-heading-title elementor-size-default\">24 metre boy<br><br>\n12 metre en<br><br>\nFull donan\u0131ml\u0131<br><br>\nBal\u0131k\u00e7\u0131 Teknesi<br><br>\n<p style=\"color:red\">Sat\u0131ld\u0131<\/p><\/h2>\t\t<\/div>\n\t\t\t\t<\/div>\n\t\t\t\t<div class=\"elementor-element elementor-element-393d41a elementor-widget elementor-widget-image\" data-id=\"393d41a\" data-element_type=\"widget\" data-widget_type=\"image.default\">\n\t\t\t\t<div class=\"elementor-widget-container\">\n\t\t\t\t\t\t\t\t\t\t\t\t\t<img decoding=\"async\" width=\"768\" height=\"1024\" src=\"https:\/\/turkuazseafood.com.tr\/wp-content\/uploads\/2024\/11\/WhatsApp-Image-2024-11-11-at-09.46.56-1-768x1024.jpeg\" class=\"attachment-medium_large size-medium_large wp-image-614\" alt=\"\" srcset=\"https:\/\/turkuazseafood.com.tr\/wp-content\/uploads\/2024\/11\/WhatsApp-Image-2024-11-11-at-09.46.56-1-768x1024.jpeg 768w, https:\/\/turkuazseafood.com.tr\/wp-content\/uploads\/2024\/11\/WhatsApp-Image-2024-11-11-at-09.46.56-1-225x300.jpeg 225w, https:\/\/turkuazseafood.com.tr\/wp-content\/uploads\/2024\/11\/WhatsApp-Image-2024-11-11-at-09.46.56-1-1152x1536.jpeg 1152w, https:\/\/turkuazseafood.com.tr\/wp-content\/uploads\/2024\/11\/WhatsApp-Image-2024-11-11-at-09.46.56-1.jpeg 1200w\" sizes=\"(max-width: 768px) 100vw, 768px\" \/>\t\t\t\t\t\t\t\t\t\t\t\t\t<\/div>\n\t\t\t\t<\/div>\n\t\t\t\t\t<\/div>\n\t\t\t\t<\/div>\n\t\t<div class=\"elementor-element elementor-element-91fe992 e-grid e-con-boxed e-con e-parent\" data-id=\"91fe992\" data-element_type=\"container\">\n\t\t\t\t\t<div class=\"e-con-inner\">\n\t\t\t\t<div class=\"elementor-element elementor-element-6c5c3cf elementor-widget elementor-widget-image\" data-id=\"6c5c3cf\" data-element_type=\"widget\" data-widget_type=\"image.default\">\n\t\t\t\t<div class=\"elementor-widget-container\">\n\t\t\t\t\t\t\t\t\t\t\t\t\t<img decoding=\"async\" width=\"1024\" height=\"768\" src=\"https:\/\/turkuazseafood.com.tr\/wp-content\/uploads\/2024\/11\/WhatsApp-Image-2024-10-28-at-16.08.08-1024x768.jpeg\" class=\"attachment-large size-large wp-image-247\" alt=\"\" srcset=\"https:\/\/turkuazseafood.com.tr\/wp-content\/uploads\/2024\/11\/WhatsApp-Image-2024-10-28-at-16.08.08-1024x768.jpeg 1024w, https:\/\/turkuazseafood.com.tr\/wp-content\/uploads\/2024\/11\/WhatsApp-Image-2024-10-28-at-16.08.08-300x225.jpeg 300w, https:\/\/turkuazseafood.com.tr\/wp-content\/uploads\/2024\/11\/WhatsApp-Image-2024-10-28-at-16.08.08-768x576.jpeg 768w, https:\/\/turkuazseafood.com.tr\/wp-content\/uploads\/2024\/11\/WhatsApp-Image-2024-10-28-at-16.08.08-1536x1152.jpeg 1536w, https:\/\/turkuazseafood.com.tr\/wp-content\/uploads\/2024\/11\/WhatsApp-Image-2024-10-28-at-16.08.08.jpeg 1600w\" sizes=\"(max-width: 1024px) 100vw, 1024px\" \/>\t\t\t\t\t\t\t\t\t\t\t\t\t<\/div>\n\t\t\t\t<\/div>\n\t\t\t\t<div class=\"elementor-element elementor-element-7a1fa95 elementor-widget elementor-widget-heading\" data-id=\"7a1fa95\" data-element_type=\"widget\" data-widget_type=\"heading.default\">\n\t\t\t\t<div class=\"elementor-widget-container\">\n\t\t\t<h2 class=\"elementor-heading-title elementor-size-default\">18 metre boy<br><br>\n6 metre en<br><br>\nFull donan\u0131ml\u0131<br><br>\nBal\u0131k\u00e7\u0131 teknesi<br><br>\n<p style=\"color:red\">Sat\u0131ld\u0131<\/p><\/h2>\t\t<\/div>\n\t\t\t\t<\/div>\n\t\t\t\t\t<\/div>\n\t\t\t\t<\/div>\n\t\t\t\t<\/div>\n\t\t","protected":false},"excerpt":{"rendered":"<p>Teknelerimiz 24 metre boy 12 metre en Full donan\u0131ml\u0131 Bal\u0131k\u00e7\u0131 teknesi Sat\u0131\u015fa Haz\u0131r 24 metre boy 12 metre en Full donan\u0131ml\u0131 Bal\u0131k\u00e7\u0131 Teknesi Sat\u0131ld\u0131 18 metre boy 6 metre en Full donan\u0131ml\u0131 Bal\u0131k\u00e7\u0131 teknesi Sat\u0131ld\u0131<\/p>\n","protected":false},"author":1,"featured_media":0,"parent":0,"menu_order":0,"comment_status":"closed","ping_status":"closed","template":"elementor_header_footer","meta":{"footnotes":""},"class_list":["post-201","page","type-page","status-publish","hentry"],"aioseo_notices":[],"_links":{"self":[{"href":"https:\/\/turkuazseafood.com.tr\/index.php?rest_route=\/wp\/v2\/pages\/201","targetHints":{"allow":["GET"]}}],"collection":[{"href":"https:\/\/turkuazseafood.com.tr\/index.php?rest_route=\/wp\/v2\/pages"}],"about":[{"href":"https:\/\/turkuazseafood.com.tr\/index.php?rest_route=\/wp\/v2\/types\/page"}],"author":[{"embeddable":true,"href":"https:\/\/turkuazseafood.com.tr\/index.php?rest_route=\/wp\/v2\/users\/1"}],"replies":[{"embeddable":true,"href":"https:\/\/turkuazseafood.com.tr\/index.php?rest_route=%2Fwp%2Fv2%2Fcomments&post=201"}],"version-history":[{"count":83,"href":"https:\/\/turkuazseafood.com.tr\/index.php?rest_route=\/wp\/v2\/pages\/201\/revisions"}],"predecessor-version":[{"id":872,"href":"https:\/\/turkuazseafood.com.tr\/index.php?rest_route=\/wp\/v2\/pages\/201\/revisions\/872"}],"wp:attachment":[{"href":"https:\/\/turkuazseafood.com.tr\/index.php?rest_route=%2Fwp%2Fv2%2Fmedia&parent=201"}],"curies":[{"name":"wp","href":"https:\/\/api.w.org\/{rel}","templated":true}]}}