{"id":392,"date":"2024-11-04T09:25:04","date_gmt":"2024-11-04T09:25:04","guid":{"rendered":"http:\/\/turkuazseafood.com.tr\/?page_id=392"},"modified":"2024-12-02T06:31:11","modified_gmt":"2024-12-02T06:31:11","slug":"misyonumuz","status":"publish","type":"page","link":"https:\/\/turkuazseafood.com.tr\/?page_id=392","title":{"rendered":"Misyonumuz"},"content":{"rendered":"\t\t<div data-elementor-type=\"wp-page\" data-elementor-id=\"392\" class=\"elementor elementor-392\">\n\t\t\t\t<div class=\"elementor-element elementor-element-16879f89 e-flex e-con-boxed e-con e-parent\" data-id=\"16879f89\" data-element_type=\"container\" data-settings=\"{&quot;background_background&quot;:&quot;classic&quot;}\">\n\t\t\t\t\t<div class=\"e-con-inner\">\n\t\t<div class=\"elementor-element elementor-element-c4b2579 e-con-full e-flex e-con e-child\" data-id=\"c4b2579\" data-element_type=\"container\">\n\t\t\t\t<div class=\"elementor-element elementor-element-5a51563f elementor-invisible elementor-widget elementor-widget-heading\" data-id=\"5a51563f\" data-element_type=\"widget\" data-settings=\"{&quot;_animation&quot;:&quot;fadeInUp&quot;,&quot;_animation_delay&quot;:200}\" data-widget_type=\"heading.default\">\n\t\t\t\t<div class=\"elementor-widget-container\">\n\t\t\t<h2 class=\"elementor-heading-title elementor-size-default\">Misyonumuz<\/h2>\t\t<\/div>\n\t\t\t\t<\/div>\n\t\t\t\t<\/div>\n\t\t\t\t\t<\/div>\n\t\t\t\t<\/div>\n\t\t<div class=\"elementor-element elementor-element-4bc71e34 e-flex e-con-boxed e-con e-parent\" data-id=\"4bc71e34\" data-element_type=\"container\">\n\t\t\t\t\t<div class=\"e-con-inner\">\n\t\t<div class=\"elementor-element elementor-element-6f1af549 e-con-full e-flex e-con e-child\" data-id=\"6f1af549\" data-element_type=\"container\">\n\t\t\t\t<div class=\"elementor-element elementor-element-f043560 animated-slow elementor-invisible elementor-widget elementor-widget-image\" data-id=\"f043560\" data-element_type=\"widget\" data-settings=\"{&quot;_animation&quot;:&quot;fadeInLeft&quot;,&quot;_animation_delay&quot;:200}\" data-widget_type=\"image.default\">\n\t\t\t\t<div class=\"elementor-widget-container\">\n\t\t\t\t\t\t\t\t\t\t\t\t\t<img decoding=\"async\" src=\"https:\/\/turkuazseafood.com.tr\/wp-content\/uploads\/2024\/11\/WhatsApp-Image-2024-10-28-at-16.08.08.jpeg\" title=\"turkuaz midye\" alt=\"midyeci\" loading=\"lazy\" \/>\t\t\t\t\t\t\t\t\t\t\t\t\t<\/div>\n\t\t\t\t<\/div>\n\t\t\t\t<\/div>\n\t\t<div class=\"elementor-element elementor-element-5580bbb e-con-full e-flex e-con e-child\" data-id=\"5580bbb\" data-element_type=\"container\">\n\t\t\t\t<div class=\"elementor-element elementor-element-2cab8ced elementor-invisible elementor-widget elementor-widget-heading\" data-id=\"2cab8ced\" data-element_type=\"widget\" data-settings=\"{&quot;_animation&quot;:&quot;fadeInUp&quot;,&quot;_animation_delay&quot;:400}\" data-widget_type=\"heading.default\">\n\t\t\t\t<div class=\"elementor-widget-container\">\n\t\t\t<h2 class=\"elementor-heading-title elementor-size-default\">Misyonumuz<\/h2>\t\t<\/div>\n\t\t\t\t<\/div>\n\t\t\t\t<div class=\"elementor-element elementor-element-3f67d0aa elementor-invisible elementor-widget elementor-widget-text-editor\" data-id=\"3f67d0aa\" data-element_type=\"widget\" data-settings=\"{&quot;_animation&quot;:&quot;fadeInUp&quot;,&quot;_animation_delay&quot;:300}\" data-widget_type=\"text-editor.default\">\n\t\t\t\t<div class=\"elementor-widget-container\">\n\t\t\t\t\t\t\t<p>Bizim misyonumuz, profesyonel bal\u0131k\u00e7\u0131lara en kaliteli tekneleri ve taze, lezzetli midyeleri sunarak denizle olan ba\u011flar\u0131n\u0131 g\u00fc\u00e7lendirmektir. M\u00fc\u015fteri memnuniyetini her zaman \u00f6n planda tutarak, g\u00fcvenilir hizmet anlay\u0131\u015f\u0131m\u0131zla sekt\u00f6rdeki en iyi deneyimi sa\u011flamay\u0131 hedefliyoruz.<\/p><p>Tekne sat\u0131\u015f\u0131nda sundu\u011fumuz geni\u015f \u00fcr\u00fcn yelpazesiyle, her bir m\u00fc\u015fterimizin ihtiya\u00e7lar\u0131na uygun \u00e7\u00f6z\u00fcmler sunarak, deniz maceralar\u0131n\u0131 daha da \u00f6zel hale getirmek istiyoruz. Taze midyelerimizle, deniz \u00fcr\u00fcnleri tutkunlar\u0131n\u0131n sofralar\u0131na lezzet katmak, sa\u011fl\u0131kl\u0131 ve kaliteli g\u0131dalar sunarak ailelerin birlikte keyifli anlar ya\u015famas\u0131na yard\u0131mc\u0131 olmay\u0131 ama\u00e7l\u0131yoruz.<\/p><p>Ayr\u0131ca, s\u00fcrd\u00fcr\u00fclebilirlik ilkelerine ba\u011fl\u0131 kalarak, deniz kaynaklar\u0131n\u0131 koruma ve do\u011fal ya\u015fam\u0131 destekleme konusunda \u00fczerimize d\u00fc\u015fen sorumlulu\u011fu yerine getirmeye \u00e7al\u0131\u015f\u0131yoruz. Bu do\u011frultuda, \u00fcr\u00fcnlerimizin her a\u015famas\u0131nda kaliteyi ve do\u011fay\u0131 g\u00f6zeterek, gelece\u011fe daha temiz ve ye\u015fil bir deniz b\u0131rakmay\u0131 hedefliyoruz.<\/p><p>M\u00fc\u015fterilerimizin g\u00fcvenine lay\u0131k olmak ve deniz sevgisini payla\u015fmak i\u00e7in s\u00fcrekli olarak kendimizi geli\u015ftirmeye devam edece\u011fiz.<\/p>\t\t\t\t\t\t<\/div>\n\t\t\t\t<\/div>\n\t\t\t\t<\/div>\n\t\t\t\t\t<\/div>\n\t\t\t\t<\/div>\n\t\t\t\t<\/div>\n\t\t","protected":false},"excerpt":{"rendered":"<p>Misyonumuz Misyonumuz Bizim misyonumuz, profesyonel bal\u0131k\u00e7\u0131lara en kaliteli tekneleri ve taze, lezzetli midyeleri sunarak denizle olan ba\u011flar\u0131n\u0131 g\u00fc\u00e7lendirmektir. M\u00fc\u015fteri memnuniyetini her zaman \u00f6n planda tutarak, g\u00fcvenilir hizmet anlay\u0131\u015f\u0131m\u0131zla sekt\u00f6rdeki en iyi deneyimi sa\u011flamay\u0131 hedefliyoruz. Tekne sat\u0131\u015f\u0131nda sundu\u011fumuz geni\u015f \u00fcr\u00fcn yelpazesiyle, her bir m\u00fc\u015fterimizin ihtiya\u00e7lar\u0131na uygun \u00e7\u00f6z\u00fcmler sunarak, deniz maceralar\u0131n\u0131 daha da \u00f6zel hale getirmek istiyoruz. [&hellip;]<\/p>\n","protected":false},"author":1,"featured_media":0,"parent":0,"menu_order":0,"comment_status":"closed","ping_status":"closed","template":"elementor_header_footer","meta":{"footnotes":""},"class_list":["post-392","page","type-page","status-publish","hentry"],"aioseo_notices":[],"_links":{"self":[{"href":"https:\/\/turkuazseafood.com.tr\/index.php?rest_route=\/wp\/v2\/pages\/392","targetHints":{"allow":["GET"]}}],"collection":[{"href":"https:\/\/turkuazseafood.com.tr\/index.php?rest_route=\/wp\/v2\/pages"}],"about":[{"href":"https:\/\/turkuazseafood.com.tr\/index.php?rest_route=\/wp\/v2\/types\/page"}],"author":[{"embeddable":true,"href":"https:\/\/turkuazseafood.com.tr\/index.php?rest_route=\/wp\/v2\/users\/1"}],"replies":[{"embeddable":true,"href":"https:\/\/turkuazseafood.com.tr\/index.php?rest_route=%2Fwp%2Fv2%2Fcomments&post=392"}],"version-history":[{"count":28,"href":"https:\/\/turkuazseafood.com.tr\/index.php?rest_route=\/wp\/v2\/pages\/392\/revisions"}],"predecessor-version":[{"id":793,"href":"https:\/\/turkuazseafood.com.tr\/index.php?rest_route=\/wp\/v2\/pages\/392\/revisions\/793"}],"wp:attachment":[{"href":"https:\/\/turkuazseafood.com.tr\/index.php?rest_route=%2Fwp%2Fv2%2Fmedia&parent=392"}],"curies":[{"name":"wp","href":"https:\/\/api.w.org\/{rel}","templated":true}]}}