{"id":440,"date":"2024-11-04T12:17:50","date_gmt":"2024-11-04T12:17:50","guid":{"rendered":"http:\/\/turkuazseafood.com.tr\/?page_id=440"},"modified":"2024-12-03T07:06:15","modified_gmt":"2024-12-03T07:06:15","slug":"ciftliklerimiz","status":"publish","type":"page","link":"https:\/\/turkuazseafood.com.tr\/?page_id=440","title":{"rendered":"\u00c7iftliklerimiz"},"content":{"rendered":"\t\t<div data-elementor-type=\"wp-page\" data-elementor-id=\"440\" class=\"elementor elementor-440\">\n\t\t\t\t<div class=\"elementor-element elementor-element-38f5d012 e-flex e-con-boxed e-con e-parent\" data-id=\"38f5d012\" data-element_type=\"container\" data-settings=\"{&quot;background_background&quot;:&quot;classic&quot;}\">\n\t\t\t\t\t<div class=\"e-con-inner\">\n\t\t<div class=\"elementor-element elementor-element-2a98c53f e-con-full e-flex e-con e-child\" data-id=\"2a98c53f\" data-element_type=\"container\">\n\t\t\t\t<div class=\"elementor-element elementor-element-415a97d elementor-invisible elementor-widget elementor-widget-heading\" data-id=\"415a97d\" data-element_type=\"widget\" data-settings=\"{&quot;_animation&quot;:&quot;fadeInUp&quot;,&quot;_animation_delay&quot;:200}\" data-widget_type=\"heading.default\">\n\t\t\t\t<div class=\"elementor-widget-container\">\n\t\t\t<h2 class=\"elementor-heading-title elementor-size-default\">Midye \u00c7iftliklerimiz<\/h2>\t\t<\/div>\n\t\t\t\t<\/div>\n\t\t\t\t<\/div>\n\t\t\t\t\t<\/div>\n\t\t\t\t<\/div>\n\t\t<div class=\"elementor-element elementor-element-74301a39 e-flex e-con-boxed e-con e-parent\" data-id=\"74301a39\" data-element_type=\"container\">\n\t\t\t\t\t<div class=\"e-con-inner\">\n\t\t<div class=\"elementor-element elementor-element-367f6d53 e-con-full e-flex e-con e-child\" data-id=\"367f6d53\" data-element_type=\"container\">\n\t\t\t\t<div class=\"elementor-element elementor-element-3b92207f elementor-invisible elementor-widget elementor-widget-heading\" data-id=\"3b92207f\" data-element_type=\"widget\" data-settings=\"{&quot;_animation&quot;:&quot;fadeInUp&quot;,&quot;_animation_delay&quot;:350}\" data-widget_type=\"heading.default\">\n\t\t\t\t<div class=\"elementor-widget-container\">\n\t\t\t<h2 class=\"elementor-heading-title elementor-size-default\">Midye \u00c7iftli\u011fi<\/h2>\t\t<\/div>\n\t\t\t\t<\/div>\n\t\t\t\t<div class=\"elementor-element elementor-element-16f26ed6 elementor-invisible elementor-widget elementor-widget-text-editor\" data-id=\"16f26ed6\" data-element_type=\"widget\" data-settings=\"{&quot;_animation&quot;:&quot;fadeInUp&quot;,&quot;_animation_delay&quot;:400}\" data-widget_type=\"text-editor.default\">\n\t\t\t\t<div class=\"elementor-widget-container\">\n\t\t\t\t\t\t\t<p>Midye \u00e7iftlikleri, deniz \u00fcr\u00fcnleri yeti\u015ftiricili\u011fi alan\u0131nda \u00f6nemli bir yer tutan ve do\u011faya dost bir i\u015f koludur. Bu \u00e7iftliklerde midyeler, denizin temizli\u011fini sa\u011flayarak \u00e7evreye katk\u0131da bulunur ve s\u00fcrd\u00fcr\u00fclebilir bir \u015fekilde yeti\u015ftirilir. Midye yeti\u015ftiricili\u011fi, sadece do\u011fa dostu bir faaliyet olmakla kalmaz, ayn\u0131 zamanda ekonomik olarak da b\u00fcy\u00fck bir potansiyele sahiptir.<\/p><p>Midyeler, besin zincirinin \u00f6nemli bir par\u00e7as\u0131d\u0131r ve deniz ekosistemlerinin sa\u011fl\u0131\u011f\u0131n\u0131 korumaya yard\u0131mc\u0131 olur. Midye \u00e7iftliklerinde, do\u011fal ortamlar\u0131ndan beslenen bu deniz canl\u0131lar\u0131, y\u00fcksek protein i\u00e7erikleri ve sa\u011fl\u0131kl\u0131 ya\u011f asitleri ile insan sa\u011fl\u0131\u011f\u0131na da faydal\u0131d\u0131r. \u00c7iftliklerdeki modern y\u00f6ntemler, midyelerin verimli bir \u015fekilde yeti\u015fmesini sa\u011flarken, \u00e7evre kirlili\u011fini azaltmaya da yard\u0131mc\u0131 olur.<\/p>\t\t\t\t\t\t<\/div>\n\t\t\t\t<\/div>\n\t\t\t\t<\/div>\n\t\t<div class=\"elementor-element elementor-element-1a616522 e-con-full e-flex e-con e-child\" data-id=\"1a616522\" data-element_type=\"container\">\n\t\t<div class=\"elementor-element elementor-element-508e6d36 e-con-full e-flex e-con e-child\" data-id=\"508e6d36\" data-element_type=\"container\">\n\t\t<div class=\"elementor-element elementor-element-7796e55c e-con-full e-flex elementor-invisible e-con e-child\" data-id=\"7796e55c\" data-element_type=\"container\" data-settings=\"{&quot;animation&quot;:&quot;fadeInUp&quot;,&quot;animation_delay&quot;:600}\">\n\t\t\t\t<div class=\"elementor-element elementor-element-36e1dece elementor-widget elementor-widget-image\" data-id=\"36e1dece\" data-element_type=\"widget\" data-widget_type=\"image.default\">\n\t\t\t\t<div class=\"elementor-widget-container\">\n\t\t\t\t\t\t\t\t\t\t\t\t\t<img decoding=\"async\" src=\"https:\/\/turkuazseafood.com.tr\/wp-content\/uploads\/2024\/12\/WhatsApp-Image-2024-12-03-at-10.00.14.jpeg\" title=\"turkuaz\" alt=\"midye \u00e7iftli\u011fi\" loading=\"lazy\" \/>\t\t\t\t\t\t\t\t\t\t\t\t\t<\/div>\n\t\t\t\t<\/div>\n\t\t\t\t<\/div>\n\t\t<div class=\"elementor-element elementor-element-7c958456 e-con-full e-flex elementor-invisible e-con e-child\" data-id=\"7c958456\" data-element_type=\"container\" data-settings=\"{&quot;animation&quot;:&quot;fadeInUp&quot;,&quot;animation_delay&quot;:700}\">\n\t\t\t\t<div class=\"elementor-element elementor-element-4951ffd1 elementor-widget elementor-widget-image\" data-id=\"4951ffd1\" data-element_type=\"widget\" data-widget_type=\"image.default\">\n\t\t\t\t<div class=\"elementor-widget-container\">\n\t\t\t\t\t\t\t\t\t\t\t\t\t<img decoding=\"async\" src=\"https:\/\/turkuazseafood.com.tr\/wp-content\/uploads\/2024\/12\/WhatsApp-Image-2024-12-03-at-10.00.15-1.jpeg\" title=\"midye\" alt=\"midye\" loading=\"lazy\" \/>\t\t\t\t\t\t\t\t\t\t\t\t\t<\/div>\n\t\t\t\t<\/div>\n\t\t\t\t<\/div>\n\t\t\t\t<\/div>\n\t\t\t\t<\/div>\n\t\t\t\t\t<\/div>\n\t\t\t\t<\/div>\n\t\t<div class=\"elementor-element elementor-element-3e7c0414 e-flex e-con-boxed e-con e-parent\" data-id=\"3e7c0414\" data-element_type=\"container\">\n\t\t\t\t\t<div class=\"e-con-inner\">\n\t\t<div class=\"elementor-element elementor-element-74b672ac e-con-full e-flex e-con e-child\" data-id=\"74b672ac\" data-element_type=\"container\">\n\t\t\t\t<div class=\"elementor-element elementor-element-43d0f529 elementor-invisible elementor-widget elementor-widget-heading\" data-id=\"43d0f529\" data-element_type=\"widget\" data-settings=\"{&quot;_animation&quot;:&quot;fadeInUp&quot;,&quot;_animation_delay&quot;:200}\" data-widget_type=\"heading.default\">\n\t\t\t\t<div class=\"elementor-widget-container\">\n\t\t\t<h2 class=\"elementor-heading-title elementor-size-default\">Midye \u00c7iftliklerimiz<\/h2>\t\t<\/div>\n\t\t\t\t<\/div>\n\t\t<div class=\"elementor-element elementor-element-14c27264 e-con-full e-flex e-con e-child\" data-id=\"14c27264\" data-element_type=\"container\">\n\t\t<div class=\"elementor-element elementor-element-4010af2b animated-slow e-con-full e-flex elementor-invisible e-con e-child\" data-id=\"4010af2b\" data-element_type=\"container\" data-settings=\"{&quot;background_background&quot;:&quot;classic&quot;,&quot;animation&quot;:&quot;fadeInUp&quot;,&quot;animation_delay&quot;:100}\">\n\t\t\t\t<\/div>\n\t\t<div class=\"elementor-element elementor-element-573ed643 animated-slow e-con-full e-flex elementor-invisible e-con e-child\" data-id=\"573ed643\" data-element_type=\"container\" data-settings=\"{&quot;background_background&quot;:&quot;classic&quot;,&quot;animation&quot;:&quot;fadeInUp&quot;,&quot;animation_delay&quot;:150}\">\n\t\t\t\t<\/div>\n\t\t<div class=\"elementor-element elementor-element-22e11d02 animated-slow e-con-full e-flex elementor-invisible e-con e-child\" data-id=\"22e11d02\" data-element_type=\"container\" data-settings=\"{&quot;background_background&quot;:&quot;classic&quot;,&quot;animation&quot;:&quot;fadeInUp&quot;,&quot;animation_delay&quot;:100}\">\n\t\t\t\t<\/div>\n\t\t<div class=\"elementor-element elementor-element-6314ae8 animated-slow e-con-full e-flex elementor-invisible e-con e-child\" data-id=\"6314ae8\" data-element_type=\"container\" data-settings=\"{&quot;background_background&quot;:&quot;classic&quot;,&quot;animation&quot;:&quot;fadeInUp&quot;,&quot;animation_delay&quot;:150}\">\n\t\t\t\t<\/div>\n\t\t\t\t<\/div>\n\t\t\t\t<\/div>\n\t\t\t\t\t<\/div>\n\t\t\t\t<\/div>\n\t\t\t\t<\/div>\n\t\t","protected":false},"excerpt":{"rendered":"<p>Midye \u00c7iftliklerimiz Midye \u00c7iftli\u011fi Midye \u00e7iftlikleri, deniz \u00fcr\u00fcnleri yeti\u015ftiricili\u011fi alan\u0131nda \u00f6nemli bir yer tutan ve do\u011faya dost bir i\u015f koludur. Bu \u00e7iftliklerde midyeler, denizin temizli\u011fini sa\u011flayarak \u00e7evreye katk\u0131da bulunur ve s\u00fcrd\u00fcr\u00fclebilir bir \u015fekilde yeti\u015ftirilir. Midye yeti\u015ftiricili\u011fi, sadece do\u011fa dostu bir faaliyet olmakla kalmaz, ayn\u0131 zamanda ekonomik olarak da b\u00fcy\u00fck bir potansiyele sahiptir. Midyeler, besin zincirinin [&hellip;]<\/p>\n","protected":false},"author":1,"featured_media":0,"parent":0,"menu_order":0,"comment_status":"closed","ping_status":"closed","template":"elementor_header_footer","meta":{"footnotes":""},"class_list":["post-440","page","type-page","status-publish","hentry"],"aioseo_notices":[],"_links":{"self":[{"href":"https:\/\/turkuazseafood.com.tr\/index.php?rest_route=\/wp\/v2\/pages\/440","targetHints":{"allow":["GET"]}}],"collection":[{"href":"https:\/\/turkuazseafood.com.tr\/index.php?rest_route=\/wp\/v2\/pages"}],"about":[{"href":"https:\/\/turkuazseafood.com.tr\/index.php?rest_route=\/wp\/v2\/types\/page"}],"author":[{"embeddable":true,"href":"https:\/\/turkuazseafood.com.tr\/index.php?rest_route=\/wp\/v2\/users\/1"}],"replies":[{"embeddable":true,"href":"https:\/\/turkuazseafood.com.tr\/index.php?rest_route=%2Fwp%2Fv2%2Fcomments&post=440"}],"version-history":[{"count":26,"href":"https:\/\/turkuazseafood.com.tr\/index.php?rest_route=\/wp\/v2\/pages\/440\/revisions"}],"predecessor-version":[{"id":997,"href":"https:\/\/turkuazseafood.com.tr\/index.php?rest_route=\/wp\/v2\/pages\/440\/revisions\/997"}],"wp:attachment":[{"href":"https:\/\/turkuazseafood.com.tr\/index.php?rest_route=%2Fwp%2Fv2%2Fmedia&parent=440"}],"curies":[{"name":"wp","href":"https:\/\/api.w.org\/{rel}","templated":true}]}}